{"id":1625,"date":"2024-09-28T22:55:54","date_gmt":"2024-09-28T20:55:54","guid":{"rendered":"https:\/\/empirija.com\/hu\/?page_id=1625"},"modified":"2025-10-29T23:27:52","modified_gmt":"2025-10-29T22:27:52","slug":"szuk-mesterseges-intelligencia","status":"publish","type":"page","link":"https:\/\/empirija.com\/hu\/mesterseges-intelligencia-tipusai\/szuk-mesterseges-intelligencia\/","title":{"rendered":"Sz\u0171k mesters\u00e9ges intelligencia \u2013 Defin\u00edci\u00f3, k\u00e9pess\u00e9gek \u00e9s alkalmaz\u00e1sok"},"content":{"rendered":"<p>A mesters\u00e9ges intelligencia (AI) ma a technol\u00f3giai innov\u00e1ci\u00f3k k\u00f6z\u00e9ppontj\u00e1ban \u00e1ll, v\u00e1ltoz\u00e1sokat hozva sz\u00e1mos ipar\u00e1gban. Azonban nem minden AI rendszer egyforma, \u00e9s vil\u00e1gos k\u00fcl\u00f6nbs\u00e9g van a <strong>sz\u0171k mesters\u00e9ges intelligencia<\/strong> (m\u00e1s n\u00e9ven gyenge AI) \u00e9s az \u00e1ltal\u00e1nos mesters\u00e9ges intelligencia (AGI) k\u00f6z\u00f6tt.<\/p>\n<p>Ebben a cikkben a <strong>sz\u0171k mesters\u00e9ges intelligenci\u00e1ra<\/strong> \u00f6sszpontos\u00edtunk, felt\u00e1rva annak defin\u00edci\u00f3j\u00e1t, k\u00e9pess\u00e9geit, alkalmaz\u00e1sait \u00e9s azt, hogy mit hoz a j\u00f6v\u0151 ennek a specializ\u00e1lt AI form\u00e1nak.<\/p>\n<div id=\"ez-toc-container\" class=\"ez-toc-v2_0_82_2 counter-hierarchy ez-toc-counter ez-toc-light-blue ez-toc-container-direction\">\n<div class=\"ez-toc-title-container\">\n<p class=\"ez-toc-title\" style=\"cursor:inherit\">Tartalom<\/p>\n<span class=\"ez-toc-title-toggle\"><a href=\"#\" class=\"ez-toc-pull-right ez-toc-btn ez-toc-btn-xs ez-toc-btn-default ez-toc-toggle\" aria-label=\"Toggle Table of Content\"><span class=\"ez-toc-js-icon-con\"><span class=\"\"><span class=\"eztoc-hide\" style=\"display:none;\">Toggle<\/span><span class=\"ez-toc-icon-toggle-span\"><svg style=\"fill: #999;color:#999\" xmlns=\"http:\/\/www.w3.org\/2000\/svg\" class=\"list-377408\" width=\"20px\" height=\"20px\" viewBox=\"0 0 24 24\" fill=\"none\"><path d=\"M6 6H4v2h2V6zm14 0H8v2h12V6zM4 11h2v2H4v-2zm16 0H8v2h12v-2zM4 16h2v2H4v-2zm16 0H8v2h12v-2z\" fill=\"currentColor\"><\/path><\/svg><svg style=\"fill: #999;color:#999\" class=\"arrow-unsorted-368013\" xmlns=\"http:\/\/www.w3.org\/2000\/svg\" width=\"10px\" height=\"10px\" viewBox=\"0 0 24 24\" version=\"1.2\" baseProfile=\"tiny\"><path d=\"M18.2 9.3l-6.2-6.3-6.2 6.3c-.2.2-.3.4-.3.7s.1.5.3.7c.2.2.4.3.7.3h11c.3 0 .5-.1.7-.3.2-.2.3-.5.3-.7s-.1-.5-.3-.7zM5.8 14.7l6.2 6.3 6.2-6.3c.2-.2.3-.5.3-.7s-.1-.5-.3-.7c-.2-.2-.4-.3-.7-.3h-11c-.3 0-.5.1-.7.3-.2.2-.3.5-.3.7s.1.5.3.7z\"\/><\/svg><\/span><\/span><\/span><\/a><\/span><\/div>\n<nav><ul class='ez-toc-list ez-toc-list-level-1 eztoc-toggle-hide-by-default' ><li class='ez-toc-page-1 ez-toc-heading-level-2'><a class=\"ez-toc-link ez-toc-heading-1\" href=\"https:\/\/empirija.com\/hu\/mesterseges-intelligencia-tipusai\/szuk-mesterseges-intelligencia\/#Mi_a_szuk_mesterseges_intelligencia\" >Mi a sz\u0171k mesters\u00e9ges intelligencia?<\/a><\/li><li class='ez-toc-page-1 ez-toc-heading-level-2'><a class=\"ez-toc-link ez-toc-heading-2\" href=\"https:\/\/empirija.com\/hu\/mesterseges-intelligencia-tipusai\/szuk-mesterseges-intelligencia\/#A_szuk_AI_kepessegei\" >A sz\u0171k AI k\u00e9pess\u00e9gei<\/a><\/li><li class='ez-toc-page-1 ez-toc-heading-level-2'><a class=\"ez-toc-link ez-toc-heading-3\" href=\"https:\/\/empirija.com\/hu\/mesterseges-intelligencia-tipusai\/szuk-mesterseges-intelligencia\/#A_szuk_AI_alkalmazasai\" >A sz\u0171k AI alkalmaz\u00e1sai<\/a><\/li><li class='ez-toc-page-1 ez-toc-heading-level-2'><a class=\"ez-toc-link ez-toc-heading-4\" href=\"https:\/\/empirija.com\/hu\/mesterseges-intelligencia-tipusai\/szuk-mesterseges-intelligencia\/#A_jovore_vonatkozo_kovetkezmenyek\" >A j\u00f6v\u0151re vonatkoz\u00f3 k\u00f6vetkezm\u00e9nyek<\/a><\/li><li class='ez-toc-page-1 ez-toc-heading-level-2'><a class=\"ez-toc-link ez-toc-heading-5\" href=\"https:\/\/empirija.com\/hu\/mesterseges-intelligencia-tipusai\/szuk-mesterseges-intelligencia\/#Kovetkeztetes\" >K\u00f6vetkeztet\u00e9s<\/a><\/li><li class='ez-toc-page-1 ez-toc-heading-level-2'><a class=\"ez-toc-link ez-toc-heading-6\" href=\"https:\/\/empirija.com\/hu\/mesterseges-intelligencia-tipusai\/szuk-mesterseges-intelligencia\/#GYIK\" >GYIK<\/a><ul class='ez-toc-list-level-3' ><li class='ez-toc-heading-level-3'><a class=\"ez-toc-link ez-toc-heading-7\" href=\"https:\/\/empirija.com\/hu\/mesterseges-intelligencia-tipusai\/szuk-mesterseges-intelligencia\/#Mi_a_szuk_mesterseges_intelligencia_SZMI\" >Mi a sz\u0171k mesters\u00e9ges intelligencia (SZMI)?<\/a><\/li><li class='ez-toc-page-1 ez-toc-heading-level-3'><a class=\"ez-toc-link ez-toc-heading-8\" href=\"https:\/\/empirija.com\/hu\/mesterseges-intelligencia-tipusai\/szuk-mesterseges-intelligencia\/#Hogyan_kulonbozik_a_szuk_AI_az_altalanos_AI-tol\" >Hogyan k\u00fcl\u00f6nb\u00f6zik a sz\u0171k AI az \u00e1ltal\u00e1nos AI-t\u00f3l?<\/a><\/li><li class='ez-toc-page-1 ez-toc-heading-level-3'><a class=\"ez-toc-link ez-toc-heading-9\" href=\"https:\/\/empirija.com\/hu\/mesterseges-intelligencia-tipusai\/szuk-mesterseges-intelligencia\/#Melyek_a_szuk_AI_fo_alkalmazasai\" >Melyek a sz\u0171k AI f\u0151 alkalmaz\u00e1sai?<\/a><\/li><li class='ez-toc-page-1 ez-toc-heading-level-3'><a class=\"ez-toc-link ez-toc-heading-10\" href=\"https:\/\/empirija.com\/hu\/mesterseges-intelligencia-tipusai\/szuk-mesterseges-intelligencia\/#Melyek_a_szuk_AI_elonyei\" >Melyek a sz\u0171k AI el\u0151nyei?<\/a><\/li><li class='ez-toc-page-1 ez-toc-heading-level-3'><a class=\"ez-toc-link ez-toc-heading-11\" href=\"https:\/\/empirija.com\/hu\/mesterseges-intelligencia-tipusai\/szuk-mesterseges-intelligencia\/#Melyek_a_szuk_AI_kihivasai\" >Melyek a sz\u0171k AI kih\u00edv\u00e1sai?<\/a><\/li><\/ul><\/li><\/ul><\/nav><\/div>\n<h2><span class=\"ez-toc-section\" id=\"Mi_a_szuk_mesterseges_intelligencia\"><\/span><strong>Mi a sz\u0171k mesters\u00e9ges intelligencia?<\/strong><span class=\"ez-toc-section-end\"><\/span><\/h2>\n<p>A <strong>sz\u0171k mesters\u00e9ges intelligencia<\/strong> (SZMI), vagy mesters\u00e9ges sz\u0171k intelligencia (ANI), olyan AI rendszerekre utal, amelyeket specifikus feladatok vagy szorosan kapcsol\u00f3d\u00f3 feladatok elv\u00e9gz\u00e9s\u00e9re terveztek. Az <strong>\u00e1ltal\u00e1nos mesters\u00e9ges intelligenci\u00e1val<\/strong> ellent\u00e9tben, amely az emberi intelligencia replik\u00e1l\u00e1s\u00e1ra t\u00f6rekszik minden ter\u00fcleten, a sz\u0171k AI funkci\u00f3iban \u00e9s ter\u00fclet\u00e9n korl\u00e1tozott. K\u00e9pess\u00e9gei azokra a feladatokra korl\u00e1toz\u00f3dnak, amelyekre kifejezetten programozt\u00e1k, \u00e9s nem tudja \u00e1ltal\u00e1nos\u00edtani a tud\u00e1st ezeken az el\u0151re meghat\u00e1rozott param\u00e9tereken k\u00edv\u00fcl.<\/p>\n<p>Ez a mesters\u00e9ges intelligencia t\u00edpus a leggyakoribb ma, \u00e9s olyan rendszereket foglal mag\u00e1ban, mint az <strong>arcfelismer\u00e9s<\/strong>, <strong>nyelvford\u00edt\u00e1s<\/strong>, s\u0151t m\u00e9g j\u00e1t\u00e9kok j\u00e1tsz\u00e1s\u00e1ra alkalmas AI rendszerek, mint a sakk vagy a Go. B\u00e1r a sz\u0171k AI kiemelkedik saj\u00e1t specifikus ter\u00fcletein &#8211; gyakran fel\u00fclm\u00falva az emberi k\u00e9pess\u00e9geket &#8211; hi\u00e1nyzik bel\u0151le az igazi tudatoss\u00e1g vagy meg\u00e9rt\u00e9s. P\u00e9ld\u00e1ul egy kuty\u00e1k felismer\u00e9s\u00e9re betan\u00edtott AI hihetetlen pontoss\u00e1ggal v\u00e9gezheti ezt a feladatot, de nem fogja meg\u00e9rteni, mi az a kutya, \u00e9s nem tudja alkalmazni ezt a tud\u00e1st m\u00e1s feladatokra.<\/p>\n<p>A sz\u0171k AI-t <strong>gyenge AI-nak<\/strong> is nevezik korl\u00e1tozott term\u00e9szete miatt. Hatalmas mennyis\u00e9g\u0171 adatot k\u00e9pes feldolgozni \u00e9s nagyon specifikus feladatokat v\u00e9grehajtani, de hi\u00e1nyzik bel\u0151le az a rugalmass\u00e1g \u00e9s \u00e1ltal\u00e1nos gondolkod\u00e1s, amellyel az emberek rendelkeznek. A <a href=\"https:\/\/empirija.com\/hu\/a-mesterseges-intelligencia-jovoje\/\"><strong>mesters\u00e9ges intelligencia j\u00f6v\u0151je<\/strong><\/a> att\u00f3l f\u00fcgg, hogy olyan technol\u00f3gi\u00e1k fejleszt\u00e9s\u00e9r\u0151l van sz\u00f3, amelyek sz\u00e9lesebb meg\u00e9rt\u00e9st \u00e9s alkalmazkod\u00f3k\u00e9pess\u00e9get tesznek lehet\u0151v\u00e9 az AI rendszerekben, de a sz\u0171k AI tov\u00e1bbra is kulcsszerepet j\u00e1tszik a specializ\u00e1lt alkalmaz\u00e1sokban.<\/p>\n<h2><span class=\"ez-toc-section\" id=\"A_szuk_AI_kepessegei\"><\/span><strong>A sz\u0171k AI k\u00e9pess\u00e9gei<\/strong><span class=\"ez-toc-section-end\"><\/span><\/h2>\n<p>B\u00e1r ter\u00fclet\u00e9n korl\u00e1tozott, a sz\u0171k AI k\u00e9pess\u00e9gei ezeken a meghat\u00e1rozott ter\u00fcleteken leny\u0171g\u00f6z\u0151ek. Ezek az AI rendszerek k\u00e9pesek:<\/p>\n<div class=\"su-note\"  style=\"border-color:#d9d9d9;border-radius:3px;-moz-border-radius:3px;-webkit-border-radius:3px;\"><div class=\"su-note-inner su-u-clearfix su-u-trim\" style=\"background-color:#f3f3f3;border-color:#ffffff;color:#333333;border-radius:3px;-moz-border-radius:3px;-webkit-border-radius:3px;\"><div class=\"su-list\" style=\"margin-left:0px\">\n<ul>\n<li><i class=\"sui sui-chevron-right\" style=\"color:#0000FF\"><\/i> <strong>Adatelemz\u00e9s<\/strong>: A sz\u0171k AI sokkal gyorsabban \u00e9s pontosabban k\u00e9pes hatalmas mennyis\u00e9g\u0171 adatot feldolgozni, mint az emberek. Olyan mint\u00e1kat, trendeket \u00e9s anom\u00e1li\u00e1kat k\u00e9pes felismerni, amelyek kih\u00edv\u00e1st jelenten\u00e9nek vagy lehetetlenek lenn\u00e9nek emberi elemz\u0151k sz\u00e1m\u00e1ra.<\/li>\n<li><i class=\"sui sui-chevron-right\" style=\"color:#0000FF\"><\/i> <strong>G\u00e9pi tanul\u00e1s<\/strong>: Sok sz\u0171k AI rendszer g\u00e9pi tanul\u00e1si algoritmusokon \u00e9p\u00fcl, ami lehet\u0151v\u00e9 teszi sz\u00e1mukra, hogy tanuljanak \u00e9s javuljanak id\u0151vel az \u00e1ltaluk feldolgozott adatok alapj\u00e1n. Ez az \u00f6nt\u00f6k\u00e9letes\u00edt\u00e9si k\u00e9pess\u00e9g lehet\u0151v\u00e9 teszi ezeknek a rendszereknek algoritmusaik m\u00f3dos\u00edt\u00e1s\u00e1t, hogy pontosabbakk\u00e1 v\u00e1ljanak.<\/li>\n<li><i class=\"sui sui-chevron-right\" style=\"color:#0000FF\"><\/i> <strong>Feladatok optimaliz\u00e1l\u00e1sa<\/strong>: A sz\u0171k AI rendszerek optimaliz\u00e1ltak specifikus feladatok magas hat\u00e9konys\u00e1gi szint\u0171 v\u00e9grehajt\u00e1s\u00e1ra, mint a <strong>besz\u00e9dfelismer\u00e9s<\/strong>, <strong>k\u00e9pelemz\u00e9s<\/strong> vagy <strong>predikt\u00edv modellez\u00e9s<\/strong>. Ez \u00e1tt\u00f6r\u00e9sekhez vezetett olyan ipar\u00e1gakban, ahol a pontoss\u00e1g \u00e9s sebess\u00e9g kulcsfontoss\u00e1g\u00fa.<\/li>\n<\/ul>\n<\/div><\/div><\/div>\n<p>Azonban ezekkel a fejlett k\u00e9pess\u00e9gekkel egy\u00fctt a <strong>sz\u0171k AI<\/strong>-nak vil\u00e1gos korl\u00e1tai vannak. Nem tud absztrakt m\u00f3don gondolkodni, \u00e9rzelmeket meg\u00e9rteni vagy megtanult tud\u00e1st egyik ter\u00fcletr\u0151l a m\u00e1sikra \u00e1tvinni. &#8222;Tanul\u00e1si&#8221; k\u00e9pess\u00e9ge az adatokra \u00e9s algoritmusokra korl\u00e1toz\u00f3dik &#8211; an\u00e9lk\u00fcl, hogy \u00e1tl\u00e9phetn\u00e9 ezeket a hat\u00e1rokat.<\/p>\n<h2><span class=\"ez-toc-section\" id=\"A_szuk_AI_alkalmazasai\"><\/span><strong>A sz\u0171k AI alkalmaz\u00e1sai<\/strong><span class=\"ez-toc-section-end\"><\/span><\/h2>\n<p>A sz\u0171k AI ereje specifikus feladatok optimaliz\u00e1l\u00e1s\u00e1nak \u00e9s automatiz\u00e1l\u00e1s\u00e1nak k\u00e9pess\u00e9g\u00e9ben rejlik. K\u00fcl\u00f6nb\u00f6z\u0151 ipar\u00e1gakban a sz\u0171k mesters\u00e9ges intelligencia alkalmaz\u00e1sa jelent\u0151s el\u0151ny\u00f6ket hoz a hat\u00e9konys\u00e1g \u00e9s pontoss\u00e1g ter\u00e9n.<\/p>\n<p><strong>N\u00e9h\u00e1ny leggyakoribb alkalmaz\u00e1s:<\/strong><\/p>\n<div class=\"su-note\"  style=\"border-color:#d9d9d9;border-radius:3px;-moz-border-radius:3px;-webkit-border-radius:3px;\"><div class=\"su-note-inner su-u-clearfix su-u-trim\" style=\"background-color:#f3f3f3;border-color:#ffffff;color:#333333;border-radius:3px;-moz-border-radius:3px;-webkit-border-radius:3px;\"><div class=\"su-list\" style=\"margin-left:0px\">\n<ul>\n<li><i class=\"sui sui-chevron-right\" style=\"color:#0000FF\"><\/i> <strong>Virtu\u00e1lis asszisztensek<\/strong>: AI asszisztensek, mint a Siri, Alexa \u00e9s Google Assistant feladatok elv\u00e9gz\u00e9s\u00e9re haszn\u00e1latosak, mint eml\u00e9keztet\u0151k be\u00e1ll\u00edt\u00e1sa, zene lej\u00e1tsz\u00e1sa vagy id\u0151j\u00e1r\u00e1s-el\u0151rejelz\u00e9sek ad\u00e1sa.<\/li>\n<li><i class=\"sui sui-chevron-right\" style=\"color:#0000FF\"><\/i> <strong>Aj\u00e1nl\u00f3 rendszerek<\/strong>: Streaming szolg\u00e1ltat\u00e1sok, mint a Netflix \u00e9s Spotify, sz\u0171k AI-t haszn\u00e1lnak a felhaszn\u00e1l\u00f3i preferenci\u00e1k elemz\u00e9s\u00e9re \u00e9s szem\u00e9lyre szabott tartalom aj\u00e1nl\u00e1s\u00e1ra.<\/li>\n<li><i class=\"sui sui-chevron-right\" style=\"color:#0000FF\"><\/i> <strong>Auton\u00f3m j\u00e1rm\u0171vek<\/strong>: \u00d6nvezet\u0151 aut\u00f3k sz\u0171k AI-t haszn\u00e1lnak szenzoros adatok \u00e9rtelmez\u00e9s\u00e9re \u00e9s val\u00f3s idej\u0171 d\u00f6nt\u00e9sek meghozatal\u00e1ra vezet\u00e9s k\u00f6zben.<\/li>\n<li><i class=\"sui sui-chevron-right\" style=\"color:#0000FF\"><\/i> <strong>Eg\u00e9szs\u00e9g\u00fcgy<\/strong>: AI algoritmusok seg\u00edtenek betegs\u00e9gek diagnosztiz\u00e1l\u00e1s\u00e1ban, orvosi k\u00e9pek elemz\u00e9s\u00e9ben \u00e9s kezel\u00e9si eredm\u00e9nyek el\u0151rejelz\u00e9s\u00e9ben.<\/li>\n<li><i class=\"sui sui-chevron-right\" style=\"color:#0000FF\"><\/i> <strong>P\u00e9nz\u00fcgyek<\/strong>: A p\u00e9nz\u00fcgyi szektorban az AI algoritmikus keresked\u00e9sre, csal\u00e1sfelismer\u00e9sre \u00e9s \u00fcgyf\u00e9lszolg\u00e1lat automatiz\u00e1l\u00e1s\u00e1ra haszn\u00e1latos.<\/li>\n<li><i class=\"sui sui-chevron-right\" style=\"color:#0000FF\"><\/i> <strong>Gy\u00e1rt\u00e1s<\/strong>: Az AI optimaliz\u00e1lja a gy\u00e1rt\u00e1si folyamatokat, jav\u00edtja az ell\u00e1t\u00e1si l\u00e1nc menedzsmentet \u00e9s fejleszti a min\u0151s\u00e9gellen\u0151rz\u00e9st.<\/li>\n<\/ul>\n<\/div><\/div><\/div>\n<p>Ezek az alkalmaz\u00e1sok mutatj\u00e1k a sz\u0171k AI hasznoss\u00e1g\u00e1t feladatok automatiz\u00e1l\u00e1s\u00e1ban, hat\u00e9konys\u00e1g n\u00f6vel\u00e9s\u00e9ben \u00e9s olyan betekint\u00e9sek ny\u00fajt\u00e1s\u00e1ban, amelyek tal\u00e1n nem azonnal l\u00e1that\u00f3k emberi elemz\u0151k sz\u00e1m\u00e1ra.<\/p>\n<h2><span class=\"ez-toc-section\" id=\"A_jovore_vonatkozo_kovetkezmenyek\"><\/span><strong>A j\u00f6v\u0151re vonatkoz\u00f3 k\u00f6vetkezm\u00e9nyek<\/strong><span class=\"ez-toc-section-end\"><\/span><\/h2>\n<p>Ahogy a sz\u0171k AI tov\u00e1bb fejl\u0151dik, fontos vit\u00e1k ny\u00edlnak meg a munka j\u00f6v\u0151j\u00e9r\u0151l, a mag\u00e1n\u00e9letr\u0151l \u00e9s az <a href=\"https:\/\/empirija.com\/hu\/etika\/\">etik\u00e1r\u00f3l<\/a>. A feladatok automatiz\u00e1l\u00e1sa jelent\u0151s v\u00e1ltoz\u00e1sokhoz vezethet a munkaer\u0151piacon, megk\u00f6vetelve a munkav\u00e1llal\u00f3kt\u00f3l \u00faj k\u00e9szs\u00e9gek elsaj\u00e1t\u00edt\u00e1s\u00e1t, hogy alkalmazkodjanak az \u00faj technol\u00f3gi\u00e1khoz.<\/p>\n<p>Tov\u00e1bb\u00e1, a <a href=\"https:\/\/empirija.com\/hu\/mi-az-a-mesterseges-intelligencia\/\">mesters\u00e9ges intelligencia<\/a> haszn\u00e1lata olyan ter\u00fcleteken, mint a megfigyel\u00e9s \u00e9s adatelemz\u00e9s, k\u00e9rd\u00e9seket vet fel a mag\u00e1n\u00e9let \u00e9s a lehets\u00e9ges vissza\u00e9l\u00e9sek tekintet\u00e9ben.<\/p>\n<p>Ezenk\u00edv\u00fcl a sz\u0171k AI fejleszt\u00e9se vit\u00e1kat \u00f6szt\u00f6n\u00f6z a <a href=\"https:\/\/empirija.com\/hu\/alkalmazas\/\">mesters\u00e9ges intelligencia felel\u0151s alkalmaz\u00e1s\u00e1r\u00f3l<\/a>. Ez mag\u00e1ban foglalja annak biztos\u00edt\u00e1s\u00e1t, hogy az AI rendszerek elfogulatlanak, \u00e1tl\u00e1that\u00f3ak \u00e9s \u00f6sszhangban vannak az emberi \u00e9rt\u00e9kekkel. Ahogy az AI egyre ink\u00e1bb integr\u00e1l\u00f3dik \u00e9let\u00fcnkbe, kulcsfontoss\u00e1g\u00fa ezeknek a kih\u00edv\u00e1soknak a kezel\u00e9se, hogy kihaszn\u00e1lhassuk a mesters\u00e9ges intelligencia minden el\u0151ny\u00e9t, mik\u00f6zben cs\u00f6kkentj\u00fck a lehets\u00e9ges kock\u00e1zatokat.<\/p>\n<h2><span class=\"ez-toc-section\" id=\"Kovetkeztetes\"><\/span><strong>K\u00f6vetkeztet\u00e9s<\/strong><span class=\"ez-toc-section-end\"><\/span><\/h2>\n<p>A sz\u0171k mesters\u00e9ges intelligencia a mesters\u00e9ges intelligencia fejleszt\u00e9s\u00e9nek jelenlegi \u00e1llapot\u00e1t k\u00e9pviseli, ahol a rendszerek kiemelkednek specifikus feladatokban, de nem rendelkeznek az emberi intelligencia sz\u00e9lesebb meg\u00e9rt\u00e9s\u00e9vel vagy alkalmazkod\u00f3k\u00e9pess\u00e9g\u00e9vel. K\u00e9pess\u00e9gei transzformat\u00edv alkalmaz\u00e1sokhoz vezettek k\u00fcl\u00f6nb\u00f6z\u0151 szektorokban, lehet\u0151s\u00e9geket \u00e9s kih\u00edv\u00e1sokat egyar\u00e1nt k\u00edn\u00e1lva. Ahogy tov\u00e1bbra is innov\u00e1lunk \u00e9s integr\u00e1ljuk az AI-t \u00e9let\u00fcnk minden aspektus\u00e1ba, fontos, hogy fejleszt\u00e9s\u00e9t \u00e1tgondoltan k\u00f6zel\u00edts\u00fck meg, figyelembe v\u00e9ve a t\u00e1rsadalomra gyakorolt sz\u00e9lesebb k\u00f6vetkezm\u00e9nyeket \u00e9s biztos\u00edtva, hogy az AI a k\u00f6zj\u00f3t szolg\u00e1lja.<\/p>\n<p>A sz\u0171k mesters\u00e9ges intelligencia j\u00f6v\u0151je \u00faj lehet\u0151s\u00e9geket \u00edg\u00e9r a folyamatos kutat\u00e1ssal \u00e9s fejleszt\u00e9ssel, amely tov\u00e1bb fejleszti k\u00e9pess\u00e9geit \u00e9s alkalmaz\u00e1sait. Azonban tov\u00e1bbra is olyan eszk\u00f6z marad, amely gondos kezel\u00e9st \u00e9s etikai megfontol\u00e1sokat ig\u00e9nyel annak biztos\u00edt\u00e1s\u00e1ra, hogy hat\u00e1sa pozit\u00edv \u00e9s igazs\u00e1gos legyen.<\/p>\n<h2><span class=\"ez-toc-section\" id=\"GYIK\"><\/span>GYIK<span class=\"ez-toc-section-end\"><\/span><\/h2>\n<h3><span class=\"ez-toc-section\" id=\"Mi_a_szuk_mesterseges_intelligencia_SZMI\"><\/span><strong>Mi a sz\u0171k mesters\u00e9ges intelligencia (SZMI)?<\/strong><span class=\"ez-toc-section-end\"><\/span><\/h3>\n<p>A sz\u0171k AI olyan specifikus AI rendszerekre utal, amelyeket egy feladat vagy kapcsol\u00f3d\u00f3 feladatok elv\u00e9gz\u00e9s\u00e9re terveztek.<\/p>\n<h3><span class=\"ez-toc-section\" id=\"Hogyan_kulonbozik_a_szuk_AI_az_altalanos_AI-tol\"><\/span><strong>Hogyan k\u00fcl\u00f6nb\u00f6zik a sz\u0171k AI az \u00e1ltal\u00e1nos AI-t\u00f3l?<\/strong><span class=\"ez-toc-section-end\"><\/span><\/h3>\n<p>A sz\u0171k AI specifikus feladatokra \u00f6sszpontos\u00edt, m\u00edg az <a href=\"https:\/\/empirija.com\/hu\/mesterseges-intelligencia-tipusai\/altalanos-mesterseges-intelligencia\/\">\u00e1ltal\u00e1nos AI<\/a> az emberi intelligencia \u00e9s k\u00e9pess\u00e9gek replik\u00e1l\u00e1s\u00e1ra t\u00f6rekszik.<\/p>\n<h3><span class=\"ez-toc-section\" id=\"Melyek_a_szuk_AI_fo_alkalmazasai\"><\/span><strong>Melyek a sz\u0171k AI f\u0151 alkalmaz\u00e1sai?<\/strong><span class=\"ez-toc-section-end\"><\/span><\/h3>\n<p>Az alkalmaz\u00e1sok k\u00f6z\u00e9 tartoznak a virtu\u00e1lis asszisztensek, aj\u00e1nl\u00f3 rendszerek, auton\u00f3m j\u00e1rm\u0171vek \u00e9s eg\u00e9szs\u00e9g\u00fcgyi diagnosztika.<\/p>\n<h3><span class=\"ez-toc-section\" id=\"Melyek_a_szuk_AI_elonyei\"><\/span><strong>Melyek a sz\u0171k AI el\u0151nyei?<\/strong><span class=\"ez-toc-section-end\"><\/span><\/h3>\n<p>Magas pontoss\u00e1got \u00e9s hat\u00e9konys\u00e1got ny\u00fajt specifikus feladatokban, mint a besz\u00e9d- \u00e9s k\u00e9pfelismer\u00e9s.<\/p>\n<h3><span class=\"ez-toc-section\" id=\"Melyek_a_szuk_AI_kihivasai\"><\/span><strong>Melyek a sz\u0171k AI kih\u00edv\u00e1sai?<\/strong><span class=\"ez-toc-section-end\"><\/span><\/h3>\n<p>A f\u0151 kih\u00edv\u00e1sok k\u00f6z\u00e9 tartozik a korl\u00e1tozott alkalmazkod\u00f3k\u00e9pess\u00e9g \u00e9s a sz\u00e9lesebb kontextus meg\u00e9rt\u00e9s\u00e9nek lehetetlens\u00e9ge.<\/p>\n","protected":false},"excerpt":{"rendered":"<p>A mesters\u00e9ges intelligencia (AI) ma a technol\u00f3giai innov\u00e1ci\u00f3k k\u00f6z\u00e9ppontj\u00e1ban \u00e1ll, v\u00e1ltoz\u00e1sokat hozva sz\u00e1mos ipar\u00e1gban. Azonban nem minden AI rendszer egyforma, \u00e9s vil\u00e1gos k\u00fcl\u00f6nbs\u00e9g van a sz\u0171k mesters\u00e9ges intelligencia (m\u00e1s n\u00e9ven gyenge AI) \u00e9s az \u00e1ltal\u00e1nos mesters\u00e9ges intelligencia (AGI) k\u00f6z\u00f6tt. Ebben a cikkben a sz\u0171k mesters\u00e9ges intelligenci\u00e1ra \u00f6sszpontos\u00edtunk, felt\u00e1rva annak defin\u00edci\u00f3j\u00e1t, k\u00e9pess\u00e9geit, alkalmaz\u00e1sait \u00e9s azt, hogy&hellip;&nbsp;<a href=\"https:\/\/empirija.com\/hu\/mesterseges-intelligencia-tipusai\/szuk-mesterseges-intelligencia\/\" rel=\"bookmark\">Read More &raquo;<span class=\"screen-reader-text\">Sz\u0171k mesters\u00e9ges intelligencia \u2013 Defin\u00edci\u00f3, k\u00e9pess\u00e9gek \u00e9s alkalmaz\u00e1sok<\/span><\/a><\/p>\n","protected":false},"author":16,"featured_media":1635,"parent":1255,"menu_order":0,"comment_status":"closed","ping_status":"closed","template":"","meta":{"neve_meta_sidebar":"","neve_meta_container":"","neve_meta_enable_content_width":"off","neve_meta_content_width":100,"neve_meta_title_alignment":"","neve_meta_author_avatar":"","neve_post_elements_order":"","neve_meta_disable_header":"","neve_meta_disable_footer":"","neve_meta_disable_title":"","_themeisle_gutenberg_block_has_review":false,"footnotes":""},"class_list":["post-1625","page","type-page","status-publish","has-post-thumbnail","hentry"],"_links":{"self":[{"href":"https:\/\/empirija.com\/hu\/wp-json\/wp\/v2\/pages\/1625","targetHints":{"allow":["GET"]}}],"collection":[{"href":"https:\/\/empirija.com\/hu\/wp-json\/wp\/v2\/pages"}],"about":[{"href":"https:\/\/empirija.com\/hu\/wp-json\/wp\/v2\/types\/page"}],"author":[{"embeddable":true,"href":"https:\/\/empirija.com\/hu\/wp-json\/wp\/v2\/users\/16"}],"replies":[{"embeddable":true,"href":"https:\/\/empirija.com\/hu\/wp-json\/wp\/v2\/comments?post=1625"}],"version-history":[{"count":14,"href":"https:\/\/empirija.com\/hu\/wp-json\/wp\/v2\/pages\/1625\/revisions"}],"predecessor-version":[{"id":2351,"href":"https:\/\/empirija.com\/hu\/wp-json\/wp\/v2\/pages\/1625\/revisions\/2351"}],"up":[{"embeddable":true,"href":"https:\/\/empirija.com\/hu\/wp-json\/wp\/v2\/pages\/1255"}],"wp:featuredmedia":[{"embeddable":true,"href":"https:\/\/empirija.com\/hu\/wp-json\/wp\/v2\/media\/1635"}],"wp:attachment":[{"href":"https:\/\/empirija.com\/hu\/wp-json\/wp\/v2\/media?parent=1625"}],"curies":[{"name":"wp","href":"https:\/\/api.w.org\/{rel}","templated":true}]}}