{"id":3,"date":"2024-08-29T11:29:16","date_gmt":"2024-08-29T11:29:16","guid":{"rendered":"https:\/\/empirija.com\/hu\/?page_id=3"},"modified":"2025-10-29T23:26:58","modified_gmt":"2025-10-29T22:26:58","slug":"adatvedelmi-iranyelvek","status":"publish","type":"page","link":"https:\/\/empirija.com\/hu\/adatvedelmi-iranyelvek\/","title":{"rendered":"Adatv\u00e9delmi ir\u00e1nyelvek"},"content":{"rendered":"\r\n<h2 class=\"wp-block-heading\"><strong>1. Bevezet\u00e9s<\/strong><\/h2>\r\n\r\n\r\n\r\n<p>\u00dcdv\u00f6z\u00f6lj\u00fck a Mesters\u00e9ges Intelligencia Balk\u00e1n oldal\u00e1n! Ez az Adatv\u00e9delmi ir\u00e1nyelvek le\u00edrja, hogyan gy\u0171jtj\u00fck, haszn\u00e1ljuk, t\u00e1roljuk \u00e9s osztjuk meg szem\u00e9lyes adatait, amikor weboldalunkat haszn\u00e1lja: <a href=\"https:\/\/empirija.com\/hu\/\">Mesters\u00e9ges Intelligencia Balk\u00e1n<\/a>. Elk\u00f6telezettek vagyunk szem\u00e9lyes adatainak \u00e9s mag\u00e1n\u00e9let\u00e9nek v\u00e9delme ir\u00e1nt, \u00e9s l\u00e9trehoztuk ezt az Adatv\u00e9delmi ir\u00e1nyelvet, hogy t\u00e1j\u00e9koztassuk \u00d6nt adatfeldolgoz\u00e1si gyakorlatunkr\u00f3l.<\/p>\r\n\r\n\r\n\r\n<h2 class=\"wp-block-heading\"><strong>2. \u00c1ltalunk gy\u0171jt\u00f6tt inform\u00e1ci\u00f3k<\/strong><\/h2>\r\n\r\n\r\n\r\n<p>K\u00fcl\u00f6nb\u00f6z\u0151 t\u00edpus\u00fa inform\u00e1ci\u00f3kat gy\u0171jt\u00fcnk szolg\u00e1ltat\u00e1saink ny\u00fajt\u00e1sa \u00e9s jav\u00edt\u00e1sa c\u00e9lj\u00e1b\u00f3l. Ezek az inform\u00e1ci\u00f3k a k\u00f6vetkez\u0151ket tartalmazz\u00e1k:<\/p>\r\n\r\n\r\n\r\n<ul class=\"wp-block-list\">\r\n<li><strong>Szem\u00e9lyes adatok:<\/strong> Amikor regisztr\u00e1l oldalunkon, feliratkozik \u00e9rtes\u00edt\u00e9sekre, felm\u00e9r\u00e9sekben vesz r\u00e9szt vagy kapcsolatba l\u00e9p vel\u00fcnk, gy\u0171jthet\u00fcnk olyan szem\u00e9lyes adatokat, mint neve, e-mail c\u00edme, telefonsz\u00e1ma \u00e9s m\u00e1s \u00f6nk\u00e9nt megadott inform\u00e1ci\u00f3k.<\/li>\r\n\r\n\r\n\r\n<li><strong>Haszn\u00e1lati adatok:<\/strong> Ezek az adatok inform\u00e1ci\u00f3kat tartalmaznak eszk\u00f6z\u00e9r\u0151l \u00e9s arr\u00f3l, hogyan haszn\u00e1lja Oldalunkat, bele\u00e9rtve IP-c\u00edm\u00e9t, b\u00f6ng\u00e9sz\u0151 t\u00edpus\u00e1t, b\u00f6ng\u00e9sz\u0151 nyelv\u00e9t, hozz\u00e1f\u00e9r\u00e9si id\u0151t, megl\u00e1togatott oldalakat, l\u00e1togat\u00e1s id\u0151tartam\u00e1t \u00e9s m\u00e1s hasonl\u00f3 inform\u00e1ci\u00f3kat. Ezek az adatok seg\u00edtenek meg\u00e9rteni, hogyan haszn\u00e1lja weboldalunkat, \u00e9s lehet\u0151v\u00e9 teszik sz\u00e1munkra a felhaszn\u00e1l\u00f3i \u00e9lm\u00e9ny jav\u00edt\u00e1s\u00e1t.<\/li>\r\n\r\n\r\n\r\n<li><strong>Cookie-k \u00e9s hasonl\u00f3 technol\u00f3gi\u00e1k:<\/strong> Cookie-kat, web beacon-\u00f6ket \u00e9s m\u00e1s hasonl\u00f3 technol\u00f3gi\u00e1kat haszn\u00e1lunk Oldalunkon folytatott tev\u00e9kenys\u00e9gek nyomon k\u00f6vet\u00e9s\u00e9re \u00e9s preferenci\u00e1ir\u00f3l \u00e9s interakci\u00f3ir\u00f3l sz\u00f3l\u00f3 inform\u00e1ci\u00f3k gy\u0171jt\u00e9s\u00e9re. A cookie-k kis f\u00e1jlok, amelyek eszk\u00f6z\u00e9n t\u00e1rol\u00f3dnak, \u00e9s seg\u00edtenek elemezni weboldalunk haszn\u00e1lat\u00e1t, valamint szem\u00e9lyre szabott tartalmak \u00e9s hirdet\u00e9sek ny\u00fajt\u00e1s\u00e1ban.<\/li>\r\n<\/ul>\r\n\r\n\r\n\r\n<h2 class=\"wp-block-heading\"><strong>3. Hogyan haszn\u00e1ljuk az \u00d6n inform\u00e1ci\u00f3it<\/strong><\/h2>\r\n\r\n\r\n\r\n<p>Az \u00d6n inform\u00e1ci\u00f3it a k\u00f6vetkez\u0151 c\u00e9lokra haszn\u00e1ljuk:<\/p>\r\n\r\n\r\n\r\n<ul class=\"wp-block-list\">\r\n<li><strong>Szolg\u00e1ltat\u00e1sok ny\u00fajt\u00e1sa:<\/strong> Szem\u00e9lyes adatait fi\u00f3kja kezel\u00e9s\u00e9re, k\u00e9r\u00e9seinek feldolgoz\u00e1s\u00e1ra, megkeres\u00e9sei megv\u00e1laszol\u00e1s\u00e1ra \u00e9s m\u00e1s k\u00e9rt szolg\u00e1ltat\u00e1sok ny\u00fajt\u00e1s\u00e1ra haszn\u00e1ljuk.<\/li>\r\n\r\n\r\n\r\n<li><strong>Oldal jav\u00edt\u00e1sa:<\/strong> Elemezz\u00fck a haszn\u00e1lati adatokat, hogy meg\u00e9rts\u00fck, hogyan haszn\u00e1lj\u00e1k Oldalunkat, \u00e9s jav\u00edtsuk a funkcionalit\u00e1st \u00e9s felhaszn\u00e1l\u00f3i \u00e9lm\u00e9nyt. Ez mag\u00e1ban foglalja a tartalom optimaliz\u00e1l\u00e1s\u00e1t \u00e9s technikai probl\u00e9m\u00e1k megold\u00e1s\u00e1t.<\/li>\r\n\r\n\r\n\r\n<li><strong>Kommunik\u00e1ci\u00f3:<\/strong> Ha feliratkozott \u00e9rtes\u00edt\u00e9sekre vagy el\u0151fizet\u00e9sekre, el\u00e9rhet\u0151s\u00e9gi adatait haszn\u00e1ljuk \u00faj funkci\u00f3kr\u00f3l, friss\u00edt\u00e9sekr\u0151l, prom\u00f3ci\u00f3kr\u00f3l \u00e9s m\u00e1s, \u00d6nt \u00e9rdekl\u0151 inform\u00e1ci\u00f3kr\u00f3l sz\u00f3l\u00f3 \u00e9rtes\u00edt\u00e9sek k\u00fcld\u00e9s\u00e9re. Adatait megjegyz\u00e9seire \u00e9s megkeres\u00e9seire val\u00f3 v\u00e1laszol\u00e1sra is haszn\u00e1lhatjuk.<\/li>\r\n\r\n\r\n\r\n<li><strong>Marketing:<\/strong> Inform\u00e1ci\u00f3kat haszn\u00e1lhatunk szem\u00e9lyre szabott \u00e9s c\u00e9lzott marketing \u00fczenetek \u00e9s prom\u00f3ci\u00f3s anyagok k\u00fcld\u00e9s\u00e9re, ha beleegyezett az ilyen adatfeldolgoz\u00e1sba. Ha nem szeretne t\u00f6bb\u00e9 marketing anyagokat kapni, leiratkozhat az e-mailekben tal\u00e1lhat\u00f3 hivatkoz\u00e1son kereszt\u00fcl, vagy kapcsolatba l\u00e9phet vel\u00fcnk.<\/li>\r\n<\/ul>\r\n\r\n\r\n\r\n<h2 class=\"wp-block-heading\"><strong>4. Hogyan osztjuk meg az \u00d6n inform\u00e1ci\u00f3it<\/strong><\/h2>\r\n\r\n\r\n\r\n<p>Szem\u00e9lyes adatait harmadik felekkel a k\u00f6vetkez\u0151 helyzetekben oszthatjuk meg:<\/p>\r\n\r\n\r\n\r\n<ul class=\"wp-block-list\">\r\n<li><strong>Harmadik f\u00e9lt\u0151l sz\u00e1rmaz\u00f3 szolg\u00e1ltat\u00f3k:<\/strong> Megoszthatjuk adatait harmadik felekkel, akik nev\u00fcnkben ny\u00fajtanak szolg\u00e1ltat\u00e1sokat, mint p\u00e9ld\u00e1ul elemz\u0151 szolg\u00e1ltat\u00f3k, hosting szolg\u00e1ltat\u00f3k, marketing \u00fcgyn\u00f6ks\u00e9gek \u00e9s m\u00e1s szervezetek, amelyek seg\u00edtenek \u00fczleti tev\u00e9kenys\u00e9g\u00fcnk vezet\u00e9s\u00e9ben \u00e9s szolg\u00e1ltat\u00e1saink ny\u00fajt\u00e1s\u00e1ban.<\/li>\r\n\r\n\r\n\r\n<li><strong>Jogi k\u00f6telezetts\u00e9gek:<\/strong> Felfedhetj\u00fck adatait, ha t\u00f6rv\u00e9nyileg k\u00f6telesek vagyunk erre, p\u00e9ld\u00e1ul hat\u00e1lyos t\u00f6rv\u00e9nyek vagy el\u0151\u00edr\u00e1sok szerint, vagy ha \u00fagy v\u00e9lj\u00fck, hogy a felfed\u00e9s sz\u00fcks\u00e9ges jogaink, mag\u00e1n\u00e9let\u00fcnk, biztons\u00e1gunk vagy vagyonunk v\u00e9delm\u00e9hez, vagy m\u00e1sok biztons\u00e1g\u00e1nak v\u00e9delm\u00e9hez.<\/li>\r\n\r\n\r\n\r\n<li><strong>\u00dczleti tranzakci\u00f3k:<\/strong> \u00dczleti egyes\u00fcl\u00e9s, akviz\u00edci\u00f3, elad\u00e1s vagy \u00e1tszervez\u00e9s eset\u00e9n adatai \u00e1tadhat\u00f3k az ilyen tranzakci\u00f3k r\u00e9szek\u00e9nt. Ilyen esetekben biztos\u00edtjuk, hogy az adat\u00e1tad\u00e1s \u00f6sszhangban legyen ezzel az Adatv\u00e9delmi ir\u00e1nyelvvel.<\/li>\r\n<\/ul>\r\n\r\n\r\n\r\n<h2 class=\"wp-block-heading\"><strong>5. Biztons\u00e1g<\/strong><\/h2>\r\n\r\n\r\n\r\n<p>Megfelel\u0151 technikai \u00e9s szervez\u00e9si int\u00e9zked\u00e9seket tesz\u00fcnk szem\u00e9lyes adatai v\u00e9delm\u00e9re a jogosulatlan hozz\u00e1f\u00e9r\u00e9st\u0151l, felfed\u00e9st\u0151l, m\u00f3dos\u00edt\u00e1st\u00f3l vagy megsemmis\u00edt\u00e9st\u0151l. Titkos\u00edt\u00e1st, biztons\u00e1gi protokollokat \u00e9s m\u00e1s v\u00e9d\u0151int\u00e9zked\u00e9seket haszn\u00e1lunk adatai biztons\u00e1g\u00e1nak biztos\u00edt\u00e1s\u00e1ra. Fontos azonban megjegyezni, hogy az interneten kereszt\u00fcli adat\u00e1tvitel vagy elektronikus adatt\u00e1rol\u00e1s egyetlen m\u00f3dszere sem 100%-ban biztons\u00e1gos, ez\u00e9rt nem tudunk abszol\u00fat biztons\u00e1got garant\u00e1lni.<\/p>\r\n\r\n\r\n\r\n<h2 class=\"wp-block-heading\"><strong>6. Az \u00d6n jogai<\/strong><\/h2>\r\n\r\n\r\n\r\n<p>Az \u00d6n joghat\u00f3s\u00e1g\u00e1ban alkalmazand\u00f3 t\u00f6rv\u00e9nyekt\u0151l f\u00fcgg\u0151en bizonyos jogai vannak szem\u00e9lyes adataival kapcsolatban, bele\u00e9rtve:<\/p>\r\n\r\n\r\n\r\n<ul class=\"wp-block-list\">\r\n<li><strong>Hozz\u00e1f\u00e9r\u00e9si jog:<\/strong> Joga van k\u00e9rni az \u00d6nr\u0151l megl\u00e9v\u0151 szem\u00e9lyes adatok m\u00e1solat\u00e1t.<\/li>\r\n\r\n\r\n\r\n<li><strong>Helyesb\u00edt\u00e9si jog:<\/strong> Joga van k\u00e9rni pontatlan vagy hi\u00e1nyos szem\u00e9lyes adatok helyesb\u00edt\u00e9s\u00e9t.<\/li>\r\n\r\n\r\n\r\n<li><strong>T\u00f6rl\u00e9si jog:<\/strong> Joga van k\u00e9rni szem\u00e9lyes adatai t\u00f6rl\u00e9s\u00e9t bizonyos k\u00f6r\u00fclm\u00e9nyek k\u00f6z\u00f6tt.<\/li>\r\n\r\n\r\n\r\n<li><strong>Feldolgoz\u00e1s korl\u00e1toz\u00e1s\u00e1hoz val\u00f3 jog:<\/strong> Joga van k\u00e9rni szem\u00e9lyes adatai feldolgoz\u00e1s\u00e1nak korl\u00e1toz\u00e1s\u00e1t bizonyos helyzetekben.<\/li>\r\n\r\n\r\n\r\n<li><strong>Tiltakoz\u00e1si jog:<\/strong> Joga van tiltakozni szem\u00e9lyes adatai feldolgoz\u00e1sa ellen bizonyos esetekben.<\/li>\r\n\r\n\r\n\r\n<li><strong>Adathordozhat\u00f3s\u00e1gi jog:<\/strong> Joga van k\u00e9rni szem\u00e9lyes adatainak \u00e1tvitel\u00e9t m\u00e1sik adatkezel\u0151h\u00f6z.<\/li>\r\n<\/ul>\r\n\r\n\r\n\r\n<p>Jogai \u00e9rv\u00e9nyes\u00edt\u00e9s\u00e9hez vagy szem\u00e9lyes adataival kapcsolatos k\u00e9rd\u00e9sek eset\u00e9n l\u00e9pjen kapcsolatba vel\u00fcnk a kontakt@empirija.com\/hu c\u00edmen.<\/p>\r\n\r\n\r\n\r\n<h2 class=\"wp-block-heading\"><strong>7. Az Adatv\u00e9delmi ir\u00e1nyelvek m\u00f3dos\u00edt\u00e1sai<\/strong><\/h2>\r\n\r\n\r\n\r\n<p>Ez az Adatv\u00e9delmi ir\u00e1nyelv id\u0151r\u0151l id\u0151re friss\u00edthet\u0151, hogy t\u00fckr\u00f6zze gyakorlatunkban vagy jogszab\u00e1lyokban bek\u00f6vetkezett v\u00e1ltoz\u00e1sokat. Minden v\u00e1ltoz\u00e1s ezen az oldalon ker\u00fcl k\u00f6zz\u00e9t\u00e9telre az utols\u00f3 friss\u00edt\u00e9s d\u00e1tum\u00e1val. Javasoljuk, hogy rendszeresen tekintse \u00e1t ezt az oldalt, hogy t\u00e1j\u00e9koz\u00f3djon minden v\u00e1ltoz\u00e1sr\u00f3l.<\/p>\r\n\r\n\r\n\r\n<h2 class=\"wp-block-heading\"><strong>8. Kapcsolat<\/strong><\/h2>\r\n\r\n\r\n\r\n<p>Ha b\u00e1rmilyen k\u00e9rd\u00e9se, megjegyz\u00e9se vagy agg\u00e1lya van ezzel az Adatv\u00e9delmi ir\u00e1nyelvvel vagy szem\u00e9lyes adatainak feldolgoz\u00e1s\u00e1val kapcsolatban, k\u00e9rj\u00fck, l\u00e9pjen kapcsolatba vel\u00fcnk az e-mailen: kontakt@empirija.com.<\/p>\r\n","protected":false},"excerpt":{"rendered":"<p>1. Bevezet\u00e9s \u00dcdv\u00f6z\u00f6lj\u00fck a Mesters\u00e9ges Intelligencia Balk\u00e1n oldal\u00e1n! Ez az Adatv\u00e9delmi ir\u00e1nyelvek le\u00edrja, hogyan gy\u0171jtj\u00fck, haszn\u00e1ljuk, t\u00e1roljuk \u00e9s osztjuk meg szem\u00e9lyes adatait, amikor weboldalunkat haszn\u00e1lja: Mesters\u00e9ges Intelligencia Balk\u00e1n. Elk\u00f6telezettek vagyunk szem\u00e9lyes adatainak \u00e9s mag\u00e1n\u00e9let\u00e9nek v\u00e9delme ir\u00e1nt, \u00e9s l\u00e9trehoztuk ezt az Adatv\u00e9delmi ir\u00e1nyelvet, hogy t\u00e1j\u00e9koztassuk \u00d6nt adatfeldolgoz\u00e1si gyakorlatunkr\u00f3l. 2. \u00c1ltalunk gy\u0171jt\u00f6tt inform\u00e1ci\u00f3k K\u00fcl\u00f6nb\u00f6z\u0151 t\u00edpus\u00fa inform\u00e1ci\u00f3kat gy\u0171jt\u00fcnk&hellip;&nbsp;<a href=\"https:\/\/empirija.com\/hu\/adatvedelmi-iranyelvek\/\" rel=\"bookmark\">Read More &raquo;<span class=\"screen-reader-text\">Adatv\u00e9delmi ir\u00e1nyelvek<\/span><\/a><\/p>\n","protected":false},"author":17,"featured_media":0,"parent":0,"menu_order":0,"comment_status":"closed","ping_status":"open","template":"","meta":{"neve_meta_sidebar":"","neve_meta_container":"","neve_meta_enable_content_width":"off","neve_meta_content_width":100,"neve_meta_title_alignment":"","neve_meta_author_avatar":"","neve_post_elements_order":"","neve_meta_disable_header":"","neve_meta_disable_footer":"","neve_meta_disable_title":"","_themeisle_gutenberg_block_has_review":false,"footnotes":""},"class_list":["post-3","page","type-page","status-publish","hentry"],"_links":{"self":[{"href":"https:\/\/empirija.com\/hu\/wp-json\/wp\/v2\/pages\/3","targetHints":{"allow":["GET"]}}],"collection":[{"href":"https:\/\/empirija.com\/hu\/wp-json\/wp\/v2\/pages"}],"about":[{"href":"https:\/\/empirija.com\/hu\/wp-json\/wp\/v2\/types\/page"}],"author":[{"embeddable":true,"href":"https:\/\/empirija.com\/hu\/wp-json\/wp\/v2\/users\/17"}],"replies":[{"embeddable":true,"href":"https:\/\/empirija.com\/hu\/wp-json\/wp\/v2\/comments?post=3"}],"version-history":[{"count":8,"href":"https:\/\/empirija.com\/hu\/wp-json\/wp\/v2\/pages\/3\/revisions"}],"predecessor-version":[{"id":2380,"href":"https:\/\/empirija.com\/hu\/wp-json\/wp\/v2\/pages\/3\/revisions\/2380"}],"wp:attachment":[{"href":"https:\/\/empirija.com\/hu\/wp-json\/wp\/v2\/media?parent=3"}],"curies":[{"name":"wp","href":"https:\/\/api.w.org\/{rel}","templated":true}]}}