{"id":959,"date":"2024-08-29T22:23:31","date_gmt":"2024-08-29T22:23:31","guid":{"rendered":"https:\/\/empirija.com\/hu\/?page_id=959"},"modified":"2025-10-30T00:10:24","modified_gmt":"2025-10-29T23:10:24","slug":"szerkesztosegi-iranyelvek","status":"publish","type":"page","link":"https:\/\/empirija.com\/hu\/szerkesztosegi-iranyelvek\/","title":{"rendered":"Szerkeszt\u0151s\u00e9gi ir\u00e1nyelvek"},"content":{"rendered":"\r\n<h2 class=\"wp-block-heading\"><strong>1. Bevezet\u00e9s<\/strong><\/h2>\r\n\r\n\r\n\r\n<p>\u00dcdv\u00f6z\u00f6lj\u00fck a <a href=\"https:\/\/empirija.com\/hu\/\">Mesters\u00e9ges Intelligencia Balk\u00e1n<\/a> oldal\u00e1n! Ez a Szerkeszt\u0151i ir\u00e1nyelv le\u00edrja azokat az ir\u00e1nyelveket \u00e9s szabv\u00e1nyokat, amelyeket k\u00f6vet\u00fcnk weboldalunkon a tartalom l\u00e9trehoz\u00e1sa, szerkeszt\u00e9se \u00e9s k\u00f6zz\u00e9t\u00e9tele sor\u00e1n. C\u00e9lunk, hogy megb\u00edzhat\u00f3, relev\u00e1ns \u00e9s min\u0151s\u00e9gi inform\u00e1ci\u00f3kat ny\u00fajtsunk olvas\u00f3inknak, mik\u00f6zben magas etikai szabv\u00e1nyokat \u00e9s \u00e1tl\u00e1that\u00f3s\u00e1got tartunk fenn.<\/p>\r\n\r\n\r\n\r\n<h2 class=\"wp-block-heading\"><strong>2. Elvek<\/strong><\/h2>\r\n\r\n\r\n\r\n<ul class=\"wp-block-list\">\r\n<li><strong>Objektivit\u00e1s \u00e9s elfogulatlans\u00e1g:<\/strong> Kiegyens\u00falyozott \u00e9s elfogulatlan inform\u00e1ci\u00f3k ny\u00fajt\u00e1s\u00e1ra t\u00f6reksz\u00fcnk. Besz\u00e1mol\u00f3ink ellen\u0151rz\u00f6tt t\u00e9nyeken alapulnak, \u00e9s c\u00e9lunk az olvas\u00f3k t\u00e1j\u00e9koztat\u00e1sa an\u00e9lk\u00fcl, hogy b\u00e1rmelyik oldalt vagy \u00e9rdeket r\u00e9szes\u00edten\u00e9nk el\u0151nyben.<\/li>\r\n\r\n\r\n\r\n<li><strong>Pontoss\u00e1g \u00e9s t\u00e9nyek ellen\u0151rz\u00e9se:<\/strong> Elk\u00f6telezettek vagyunk a k\u00f6zz\u00e9tett inform\u00e1ci\u00f3k pontoss\u00e1ga ir\u00e1nt. Minden cikk alapos t\u00e9nyeken alapul\u00f3 ellen\u0151rz\u00e9sen \u00e9s szerkeszt\u0151i fel\u00fcgyeleten megy kereszt\u00fcl a k\u00f6zz\u00e9t\u00e9tel el\u0151tt. Ha hib\u00e1kat \u00e9szlel\u00fcnk, a lehet\u0151 legr\u00f6videbb id\u0151n bel\u00fcl kijav\u00edtjuk \u0151ket.<\/li>\r\n\r\n\r\n\r\n<li><strong>\u00c1tl\u00e1that\u00f3s\u00e1g:<\/strong> Egy\u00e9rtelm\u0171en megjel\u00f6lj\u00fck a fizetett, szponzor\u00e1lt vagy hirdet\u00e9sk\u00e9nt megjel\u00f6lt tartalmat. Minden kereskedelmi tartalom egy\u00e9rtelm\u0171en elk\u00fcl\u00f6n\u00fcl a szerkeszt\u0151i tartalomt\u00f3l, hogy olvas\u00f3ink k\u00f6nnyen megk\u00fcl\u00f6nb\u00f6ztethess\u00e9k a kereskedelmi anyagokat az informat\u00edv anyagokt\u00f3l.<\/li>\r\n\r\n\r\n\r\n<li><strong>Min\u0151s\u00e9g:<\/strong> A szak\u00e9rtelem \u00e9s min\u0151s\u00e9g munk\u00e1nk k\u00f6z\u00e9ppontj\u00e1ban \u00e1ll. Relev\u00e1ns, j\u00f3l kutatott \u00e9s vil\u00e1gosan meg\u00edrt tartalom ny\u00fajt\u00e1s\u00e1ra t\u00f6reksz\u00fcnk. Szerz\u0151ink \u00e9s munkat\u00e1rsaink felel\u0151sek ezeknek a szabv\u00e1nyoknak a betart\u00e1s\u00e1\u00e9rt a tartalom l\u00e9trehoz\u00e1s\u00e1nak minden szakasz\u00e1ban.<\/li>\r\n<\/ul>\r\n\r\n\r\n\r\n<h2 class=\"wp-block-heading\"><strong>3. Szerz\u0151i jogok \u00e9s felel\u0151ss\u00e9gek<\/strong><\/h2>\r\n\r\n\r\n\r\n<ul class=\"wp-block-list\">\r\n<li><strong>Szerz\u0151k \u00e9s munkat\u00e1rsak:<\/strong> Szerz\u0151ink \u00e9s munkat\u00e1rsaink felel\u0151sek az \u00e1ltaluk l\u00e9trehozott tartalom\u00e9rt. Minden munk\u00e1nak eredetinek kell lennie \u00e9s kutat\u00e1si \u00e9s \u00edr\u00e1si ir\u00e1nyelveinknek megfelel\u0151en kell \u00edrni. A pl\u00e1gium, a szellemi tulajdon lop\u00e1sa \u00e9s az etik\u00e1tlan magatart\u00e1s nem megengedett.<\/li>\r\n\r\n\r\n\r\n<li><strong>Fel\u00fclvizsg\u00e1lat \u00e9s szerkeszt\u00e9s:<\/strong> Minden cikk \u00e1tesik a fel\u00fclvizsg\u00e1lat \u00e9s szerkeszt\u00e9s folyamat\u00e1n a pontoss\u00e1g, vil\u00e1goss\u00e1g \u00e9s szabv\u00e1nyainkkal val\u00f3 \u00f6sszhang biztos\u00edt\u00e1sa \u00e9rdek\u00e9ben. A szerkeszt\u0151k \u00e1ttekintik a tartalmat, visszajelz\u00e9seket adnak \u00e9s biztos\u00edtj\u00e1k, hogy minden anyag megfeleljen min\u0151s\u00e9gi szabv\u00e1nyainknak.<\/li>\r\n<\/ul>\r\n\r\n\r\n\r\n<h2 class=\"wp-block-heading\"><strong>4. Jogi \u00e9s etikai ir\u00e1nyelvek<\/strong><\/h2>\r\n\r\n\r\n\r\n<ul class=\"wp-block-list\">\r\n<li><strong>Jogi k\u00f6telezetts\u00e9gek:<\/strong> Tiszteletben tartunk minden hat\u00e1lyos t\u00f6rv\u00e9nyt \u00e9s szab\u00e1lyoz\u00e1st az \u00fajs\u00e1g\u00edr\u00e1ssal \u00e9s k\u00f6zz\u00e9t\u00e9tellel kapcsolatban, bele\u00e9rtve az adatv\u00e9delmi \u00e9s szellemi tulajdonjogi t\u00f6rv\u00e9nyeket. Minden tev\u00e9kenys\u00e9g\u00fcnkben betartjuk a tev\u00e9kenys\u00e9g\u00fcnkre vonatkoz\u00f3 t\u00f6rv\u00e9nyeket \u00e9s szab\u00e1lyoz\u00e1sokat.<\/li>\r\n\r\n\r\n\r\n<li><strong>Etikai norm\u00e1k:<\/strong> Magas etikai szabv\u00e1nyokat tartunk be, bele\u00e9rtve a mag\u00e1n\u00e9lethez val\u00f3 jog tiszteletben tart\u00e1s\u00e1t, \u00f6sszef\u00e9rhetetlens\u00e9g elker\u00fcl\u00e9s\u00e9t \u00e9s felel\u0151ss\u00e9gteljes besz\u00e1mol\u00e1st. A szerkeszt\u0151knek \u00e9s szerz\u0151knek el kell ker\u00fclni\u00fck azokat a helyzeteket, amelyek \u00f6sszef\u00e9rhetetlens\u00e9ghez vezethetnek vagy befoly\u00e1solhatj\u00e1k a besz\u00e1mol\u00e1s elfogulatlans\u00e1g\u00e1t.<\/li>\r\n<\/ul>\r\n\r\n\r\n\r\n<h2 class=\"wp-block-heading\"><strong>5. Visszajelz\u00e9sek \u00e9s panaszok<\/strong><\/h2>\r\n\r\n\r\n\r\n<ul class=\"wp-block-list\">\r\n<li><strong>Visszajelz\u00e9sek:<\/strong> \u00c9rt\u00e9kelj\u00fck olvas\u00f3ink visszajelz\u00e9seit \u00e9s nyitottak vagyunk olyan javaslatokra, amelyek jav\u00edthatj\u00e1k tartalmunk min\u0151s\u00e9g\u00e9t. Az olvas\u00f3k megjegyz\u00e9seiket \u00e9s javaslataikat a kontakt@empirija.com\/hu c\u00edmen vagy weboldalunkon tal\u00e1lhat\u00f3 kapcsolati \u0171rlapon kereszt\u00fcl ny\u00fajthatj\u00e1k be.<\/li>\r\n\r\n\r\n\r\n<li><strong>Panaszok:<\/strong> Ha panasza van az Oldalunkon k\u00f6zz\u00e9tett tartalommal kapcsolatban, k\u00e9rj\u00fck, \u00e9rtes\u00edtsen minket a kontakt@empirija.com\/hu c\u00edmen. Minden panaszt komolyan megvizsg\u00e1lunk, \u00e9s \u00e9sszer\u0171 id\u0151n bel\u00fcl v\u00e1laszt \u00e9s megold\u00e1st pr\u00f3b\u00e1lunk ny\u00fajtani. Minden pontatlans\u00e1gokra vagy etik\u00e1tlan gyakorlatokra vonatkoz\u00f3 panaszt alaposan kivizsg\u00e1lunk.<\/li>\r\n<\/ul>\r\n\r\n\r\n\r\n<h2 class=\"wp-block-heading\"><strong>6. Szerkeszt\u0151i f\u00fcggetlens\u00e9g<\/strong><\/h2>\r\n\r\n\r\n\r\n<ul class=\"wp-block-list\">\r\n<li><strong>Szerkeszt\u0151i szabads\u00e1g:<\/strong> Szerkeszt\u0151i f\u00fcggetlens\u00e9g\u00fcnk politik\u00e1nk alapja. A szerkeszt\u0151k \u00e9s \u00fajs\u00e1g\u00edr\u00f3k szabadon hozhatnak d\u00f6nt\u00e9seket a tartalomr\u00f3l \u00e9s a besz\u00e1mol\u00e1s m\u00f3dj\u00e1r\u00f3l k\u00fcls\u0151 befoly\u00e1s n\u00e9lk\u00fcl. A p\u00e9nz\u00fcgyi eszk\u00f6z\u00f6k \u00e9s szponzorok nem befoly\u00e1solj\u00e1k szerkeszt\u0151i d\u00f6nt\u00e9seinket.<\/li>\r\n\r\n\r\n\r\n<li><strong>\u00d6sszef\u00e9rhetetlens\u00e9g:<\/strong> Potenci\u00e1lis \u00f6sszef\u00e9rhetetlens\u00e9g eset\u00e9n szerz\u0151ink \u00e9s szerkeszt\u0151ink k\u00f6telesek bejelenteni az ilyen helyzeteket \u00e9s a szab\u00e1lyok szerint j\u00e1rni el, amelyek biztos\u00edtj\u00e1k, hogy az ilyen \u00f6sszef\u00e9rhetetlens\u00e9gek nem befoly\u00e1solj\u00e1k tartalmunk objektivit\u00e1s\u00e1t \u00e9s pontoss\u00e1g\u00e1t.<\/li>\r\n<\/ul>\r\n\r\n\r\n\r\n<h2 class=\"wp-block-heading\"><strong>7. A szerkeszt\u0151i ir\u00e1nyelvek v\u00e1ltoz\u00e1sai<\/strong><\/h2>\r\n\r\n\r\n\r\n<p>Ez a Szerkeszt\u0151i ir\u00e1nyelv id\u0151r\u0151l id\u0151re friss\u00edthet\u0151, hogy t\u00fckr\u00f6zze gyakorlatunkban, technol\u00f3gi\u00e1kban vagy jogszab\u00e1lyokban bek\u00f6vetkezett v\u00e1ltoz\u00e1sokat. Minden v\u00e1ltoz\u00e1s ezen az oldalon ker\u00fcl k\u00f6zz\u00e9t\u00e9telre az utols\u00f3 friss\u00edt\u00e9s d\u00e1tum\u00e1val. Javasoljuk, hogy rendszeresen tekintse \u00e1t ezt az oldalt, hogy t\u00e1j\u00e9koz\u00f3djon minden v\u00e1ltoz\u00e1sr\u00f3l.<\/p>\r\n\r\n\r\n\r\n<h2 class=\"wp-block-heading\"><strong>8. Kapcsolat<\/strong><\/h2>\r\n\r\n\r\n\r\n<p>Minden k\u00e9rd\u00e9s, megjegyz\u00e9s vagy tov\u00e1bbi inform\u00e1ci\u00f3 eset\u00e9n ezzel a Szerkeszt\u0151i ir\u00e1nyelvvel kapcsolatban, k\u00e9rj\u00fck, l\u00e9pjen kapcsolatba vel\u00fcnk az e-mail c\u00edmen: kontakt@empirija.com\/hu. Sz\u00edvesen v\u00e1laszolunk minden megkeres\u00e9sre \u00e9s tov\u00e1bbi inform\u00e1ci\u00f3kat ny\u00fajtunk, amelyekre sz\u00fcks\u00e9ge lehet.<\/p>\r\n","protected":false},"excerpt":{"rendered":"<p>1. Bevezet\u00e9s \u00dcdv\u00f6z\u00f6lj\u00fck a Mesters\u00e9ges Intelligencia Balk\u00e1n oldal\u00e1n! Ez a Szerkeszt\u0151i ir\u00e1nyelv le\u00edrja azokat az ir\u00e1nyelveket \u00e9s szabv\u00e1nyokat, amelyeket k\u00f6vet\u00fcnk weboldalunkon a tartalom l\u00e9trehoz\u00e1sa, szerkeszt\u00e9se \u00e9s k\u00f6zz\u00e9t\u00e9tele sor\u00e1n. C\u00e9lunk, hogy megb\u00edzhat\u00f3, relev\u00e1ns \u00e9s min\u0151s\u00e9gi inform\u00e1ci\u00f3kat ny\u00fajtsunk olvas\u00f3inknak, mik\u00f6zben magas etikai szabv\u00e1nyokat \u00e9s \u00e1tl\u00e1that\u00f3s\u00e1got tartunk fenn. 2. Elvek 3. Szerz\u0151i jogok \u00e9s felel\u0151ss\u00e9gek 4. Jogi \u00e9s&hellip;&nbsp;<a href=\"https:\/\/empirija.com\/hu\/szerkesztosegi-iranyelvek\/\" rel=\"bookmark\">Read More &raquo;<span class=\"screen-reader-text\">Szerkeszt\u0151s\u00e9gi ir\u00e1nyelvek<\/span><\/a><\/p>\n","protected":false},"author":16,"featured_media":0,"parent":0,"menu_order":0,"comment_status":"closed","ping_status":"open","template":"","meta":{"neve_meta_sidebar":"","neve_meta_container":"","neve_meta_enable_content_width":"off","neve_meta_content_width":100,"neve_meta_title_alignment":"","neve_meta_author_avatar":"","neve_post_elements_order":"","neve_meta_disable_header":"","neve_meta_disable_footer":"","neve_meta_disable_title":"","_themeisle_gutenberg_block_has_review":false,"footnotes":""},"class_list":["post-959","page","type-page","status-publish","hentry"],"_links":{"self":[{"href":"https:\/\/empirija.com\/hu\/wp-json\/wp\/v2\/pages\/959","targetHints":{"allow":["GET"]}}],"collection":[{"href":"https:\/\/empirija.com\/hu\/wp-json\/wp\/v2\/pages"}],"about":[{"href":"https:\/\/empirija.com\/hu\/wp-json\/wp\/v2\/types\/page"}],"author":[{"embeddable":true,"href":"https:\/\/empirija.com\/hu\/wp-json\/wp\/v2\/users\/16"}],"replies":[{"embeddable":true,"href":"https:\/\/empirija.com\/hu\/wp-json\/wp\/v2\/comments?post=959"}],"version-history":[{"count":5,"href":"https:\/\/empirija.com\/hu\/wp-json\/wp\/v2\/pages\/959\/revisions"}],"predecessor-version":[{"id":2382,"href":"https:\/\/empirija.com\/hu\/wp-json\/wp\/v2\/pages\/959\/revisions\/2382"}],"wp:attachment":[{"href":"https:\/\/empirija.com\/hu\/wp-json\/wp\/v2\/media?parent=959"}],"curies":[{"name":"wp","href":"https:\/\/api.w.org\/{rel}","templated":true}]}}